{"id":213,"date":"2018-02-11T10:31:12","date_gmt":"2018-02-11T09:31:12","guid":{"rendered":"http:\/\/www.ketreko.de\/?page_id=213"},"modified":"2018-07-05T20:34:40","modified_gmt":"2018-07-05T19:34:40","slug":"tutorials-und-freebes","status":"publish","type":"page","link":"http:\/\/www.ketreko.de\/index.php\/tutorials-und-freebes\/","title":{"rendered":"Freebooks"},"content":{"rendered":"<p>Hier gibt es meine Anleitungen zum downloaden. Einfach auf den Link unter den Fotos klicken. Falls etwas nicht klappen sollte, kontaktiere mich gerne per Mail, ich helfe.<\/p>\n<p>Die Strick- und H\u00e4kelanleitung ist auch bei ravelry zu finden.<\/p>\n<p>&nbsp;<\/p>\n<p style=\"text-align: center;\"><strong>Fernweh &#8211; Reise &#8211; Muster<\/strong><\/p>\n<p><img loading=\"lazy\" decoding=\"async\" class=\" wp-image-804 aligncenter\" src=\"http:\/\/www.ketreko.de\/wp-content\/uploads\/2018\/07\/IMG_20180705_164455-300x219.jpg\" alt=\"\" width=\"410\" height=\"299\" srcset=\"http:\/\/www.ketreko.de\/wp-content\/uploads\/2018\/07\/IMG_20180705_164455-300x219.jpg 300w, http:\/\/www.ketreko.de\/wp-content\/uploads\/2018\/07\/IMG_20180705_164455.jpg 400w\" sizes=\"(max-width: 410px) 100vw, 410px\" \/><\/p>\n<p style=\"text-align: center;\"><a href=\"http:\/\/www.ketreko.de\/downloads\/Fernweh-Muster.pdf\">Fernweh &#8211; Reise &#8211; Muster PDF<\/a><\/p>\n<p>8 B\u00f6gen A4 Papier mit 5 verschiedenen Mini-Reise-Mustern und 3 Mega-Motiven. aus den Mini-Mustern lassen sich C6 Briefumschl\u00e4ge herstellen, die drei B\u00f6gen mit den Mega-Mustern lassen sich als passendes Briefpapier verwenden. Nat\u00fcrlich lassen sich die Papiere auch prima f\u00fcr Collagen oder f\u00fcr Hintergr\u00fcnde verarbeiten. <a href=\"http:\/\/www.ketreko.de\/index.php\/2018\/07\/05\/fernweh-muster-mit-freebe\/\">Hier geht\u00b4s zum Blog-Post<\/a>.<\/p>\n<p>&nbsp;<\/p>\n<p style=\"text-align: center;\"><strong>Buchstabensalat<\/strong><\/p>\n<p><img loading=\"lazy\" decoding=\"async\" class=\"wp-image-185 aligncenter\" src=\"http:\/\/www.ketreko.de\/wp-content\/uploads\/2018\/02\/DSC_6107-300x199.jpg\" alt=\"\" width=\"418\" height=\"277\" srcset=\"http:\/\/www.ketreko.de\/wp-content\/uploads\/2018\/02\/DSC_6107-300x199.jpg 300w, http:\/\/www.ketreko.de\/wp-content\/uploads\/2018\/02\/DSC_6107-768x509.jpg 768w, http:\/\/www.ketreko.de\/wp-content\/uploads\/2018\/02\/DSC_6107.jpg 800w\" sizes=\"(max-width: 418px) 100vw, 418px\" \/><\/p>\n<p style=\"text-align: center;\"><a href=\"http:\/\/www.ketreko.de\/wp-content\/uploads\/2018\/02\/Buchstabensalat-hoch.pdf\">Buchstabensalat PDF<\/a><\/p>\n<p style=\"text-align: center;\">Gestaltete Papiere mit Typodesign, aus <a href=\"http:\/\/www.ketreko.de\/index.php\/2018\/02\/07\/buchstabensalat\/\">diesem Post<\/a>. Jeweils zwei Seiten, eine mit etwas gr\u00f6\u00dferen und eine mit Minibuchstaben. Zum Ausdrucken, Schnipseln, Scrappen, oder\u00a0 Falten, als Hintergrund, Vordergrund oder Zwischenraum.<\/p>\n<p>&nbsp;<\/p>\n<p style=\"text-align: center;\"><strong>Gestrickte Rosen\u00a0 \u00a0 \u00a0 \u00a0&#8211;\u00a0 \u00a0 \u00a0\u00a0Knitted roses<\/strong><\/p>\n<p><img loading=\"lazy\" decoding=\"async\" class=\"wp-image-220 aligncenter\" src=\"http:\/\/www.ketreko.de\/wp-content\/uploads\/2018\/02\/DSC_2216klein-300x199.jpg\" alt=\"\" width=\"413\" height=\"274\" srcset=\"http:\/\/www.ketreko.de\/wp-content\/uploads\/2018\/02\/DSC_2216klein-300x199.jpg 300w, http:\/\/www.ketreko.de\/wp-content\/uploads\/2018\/02\/DSC_2216klein-768x509.jpg 768w, http:\/\/www.ketreko.de\/wp-content\/uploads\/2018\/02\/DSC_2216klein-735x490.jpg 735w, http:\/\/www.ketreko.de\/wp-content\/uploads\/2018\/02\/DSC_2216klein.jpg 1000w\" sizes=\"(max-width: 413px) 100vw, 413px\" \/><\/p>\n<p style=\"text-align: center;\">\u00a0<a href=\"http:\/\/www.ketreko.de\/wp-content\/uploads\/2018\/02\/gestrickte-rose.pdf\">gestrickte Rose PDF<\/a><\/p>\n<p style=\"text-align: center;\"><a href=\"http:\/\/www.ketreko.de\/wp-content\/uploads\/2018\/02\/knit-a-rose.pdf\">knit a rose PDF<\/a><\/p>\n<p>zum Dekorieren, als Brosche einzeln oder als barocke Borte. Mit etwas Strick- und N\u00e4hkenntnissen sind diese Rosen schnell hergestellt. Sie eignen sich f\u00fcr etwas dickeres Garn ab der St\u00e4rke DK wobei die fertige Gr\u00f6\u00dfe etwas vom verwendeten Garn abh\u00e4ngig ist.<\/p>\n<p>For Dekoration or worn for a brooche or combined for a sumptous braid. With little skills in knitting and handsewing these roses are a quick handicraft. A good yarn choice ist DK. The finished size depends on your chosen yarn.<\/p>\n<p>&nbsp;<\/p>\n<p style=\"text-align: center;\"><strong>H\u00fcftschmeichler\u00a0 \u00a0 \u00a0&#8211;\u00a0 \u00a0 \u00a0<\/strong><strong>Hipcosy aka Cacheur<\/strong><\/p>\n<p><img loading=\"lazy\" decoding=\"async\" class=\"size-medium wp-image-225 aligncenter\" src=\"http:\/\/www.ketreko.de\/wp-content\/uploads\/2018\/02\/hip-12-klein-300x296.jpg\" alt=\"\" width=\"300\" height=\"296\" srcset=\"http:\/\/www.ketreko.de\/wp-content\/uploads\/2018\/02\/hip-12-klein-300x296.jpg 300w, http:\/\/www.ketreko.de\/wp-content\/uploads\/2018\/02\/hip-12-klein.jpg 400w\" sizes=\"(max-width: 300px) 100vw, 300px\" \/><\/p>\n<p style=\"text-align: center;\"><a href=\"http:\/\/www.ketreko.de\/wp-content\/uploads\/2018\/02\/H\u00fcftschmeichler.pdf\">H\u00fcftschmeichler PDF<\/a><\/p>\n<p style=\"text-align: center;\"><a href=\"http:\/\/www.ketreko.de\/wp-content\/uploads\/2018\/02\/Hip-cozy.pdf\">Hip<\/a><a href=\"http:\/\/www.ketreko.de\/wp-content\/uploads\/2018\/02\/Hip-cozy.pdf\">cosy aka Cacheur PDF<\/a><\/p>\n<p>Ein geh\u00e4kelter kurzer und breiter Schal, etwas den pers\u00f6nlichen Rundungen angepasst, das ist der H\u00fcftschmeichler oder Cacheur. Entweder er ist nur warm oder auch noch sch\u00f6n oder, wie hier: beides. Mit Garn der St\u00e4rke Aran klappt es am besten. Ich habe hier das sch\u00f6ne japanische Farbverlaufsgarn NORO, in der passenden St\u00e4rke verwendet. Die Anleitung ist aus dem Jahr 2008 und ich trage das Teil auch heute, 2018 immer noch gerne.<\/p>\n<p>A short an wide scarf, customized for your shape, thats it. Either warm or nice or, in this case, warm and nice. Yarn quality aran makes best results. In 2008, when I wrote the pattern, I had used NORO silkgarden, wich is discontinued today. I still like to wear it today, in 2018.<\/p>\n<p>&nbsp;<\/p>\n<p style=\"text-align: center;\"><strong>Stoffketten<\/strong><\/p>\n<p><img loading=\"lazy\" decoding=\"async\" class=\"wp-image-227 aligncenter\" src=\"http:\/\/www.ketreko.de\/wp-content\/uploads\/2018\/02\/DSC_2815-1-300x253.jpg\" alt=\"\" width=\"419\" height=\"353\" srcset=\"http:\/\/www.ketreko.de\/wp-content\/uploads\/2018\/02\/DSC_2815-1-300x253.jpg 300w, http:\/\/www.ketreko.de\/wp-content\/uploads\/2018\/02\/DSC_2815-1-768x647.jpg 768w, http:\/\/www.ketreko.de\/wp-content\/uploads\/2018\/02\/DSC_2815-1-1024x863.jpg 1024w, http:\/\/www.ketreko.de\/wp-content\/uploads\/2018\/02\/DSC_2815-1.jpg 1770w\" sizes=\"(max-width: 419px) 100vw, 419px\" \/><\/p>\n<p style=\"text-align: center;\"><a href=\"http:\/\/www.ketreko.de\/wp-content\/uploads\/2018\/02\/Anleitung_Stoffketten.pdf\">Anleitung Stoffketten PDF<\/a><\/p>\n<p>Die Anleitung zu <a href=\"http:\/\/www.amybutlerdesign.com\/pdfs\/FabricNecklace.pdf\">diesen Ketten<\/a>, habe ich auf Amy Butlers Homepage gefunden. Ich habe eine eigene Anleitung geschrieben, in deutsch, sch\u00f6n Schritt-f\u00fcr-Schritt bebildert und manches habe ich technisch anders gel\u00f6st. Au\u00dfer Stoffen werden Kugeln ben\u00f6tigt. Es eignet\u00a0 sich Holz, Stypopor oder Gummi. Mit Holzkugeln oder -perlen sind die Ketten nicht waschbar. Styropor ist sehr leicht, was den &#8222;Fall&#8220; der Kette beeinflusst. Aus dem Stoff, in Streifen geschnitten, wird ein Schlauch gen\u00e4ht, in diesen werden sie Kugeln\u00a0 gef\u00fcllt und jeweils mit einem Knoten von einander getrennt. Die Anleitung enth\u00e4lt eine Berechnungsgrundlage und eine genaue Anleitung, wie die Kette unsichtbar geschlossen wird. Die Ketten sind so lang, das sie keinen Verschluss ben\u00f6tigen.<\/p>\n<p>&nbsp;<\/p>\n<p>&nbsp;<\/p>\n<p>&nbsp;<\/p>\n<p>&nbsp;<\/p>\n","protected":false},"excerpt":{"rendered":"<p>Hier gibt es meine Anleitungen zum downloaden. Einfach auf den Link unter den Fotos klicken. Falls etwas nicht klappen sollte, kontaktiere mich gerne per Mail, ich helfe. Die Strick- und H\u00e4kelanleitung ist auch bei ravelry zu finden. &nbsp; Fernweh &#8211; Reise &#8211; Muster Fernweh &#8211; Reise &#8211; Muster PDF 8 B\u00f6gen A4 Papier mit 5 [&hellip;]<\/p>\n","protected":false},"author":1,"featured_media":0,"parent":0,"menu_order":0,"comment_status":"closed","ping_status":"closed","template":"","meta":{"footnotes":""},"_links":{"self":[{"href":"http:\/\/www.ketreko.de\/index.php\/wp-json\/wp\/v2\/pages\/213"}],"collection":[{"href":"http:\/\/www.ketreko.de\/index.php\/wp-json\/wp\/v2\/pages"}],"about":[{"href":"http:\/\/www.ketreko.de\/index.php\/wp-json\/wp\/v2\/types\/page"}],"author":[{"embeddable":true,"href":"http:\/\/www.ketreko.de\/index.php\/wp-json\/wp\/v2\/users\/1"}],"replies":[{"embeddable":true,"href":"http:\/\/www.ketreko.de\/index.php\/wp-json\/wp\/v2\/comments?post=213"}],"version-history":[{"count":10,"href":"http:\/\/www.ketreko.de\/index.php\/wp-json\/wp\/v2\/pages\/213\/revisions"}],"predecessor-version":[{"id":812,"href":"http:\/\/www.ketreko.de\/index.php\/wp-json\/wp\/v2\/pages\/213\/revisions\/812"}],"wp:attachment":[{"href":"http:\/\/www.ketreko.de\/index.php\/wp-json\/wp\/v2\/media?parent=213"}],"curies":[{"name":"wp","href":"https:\/\/api.w.org\/{rel}","templated":true}]}}