{"id":325,"date":"2018-02-18T12:07:34","date_gmt":"2018-02-18T11:07:34","guid":{"rendered":"http:\/\/www.ketreko.de\/?page_id=325"},"modified":"2022-12-28T00:31:31","modified_gmt":"2022-12-27T23:31:31","slug":"rosige-zeit-und-ketreko1","status":"publish","type":"page","link":"http:\/\/www.ketreko.de\/index.php\/rosige-zeit-und-ketreko1\/","title":{"rendered":"rosige Zeit"},"content":{"rendered":"<p>Von 2008 bis 2013 hatte ich unter Blogger einen Blog mit dem Namen &#8222;rosige Zeit&#8220;. Ich habe damals viel und bunt gen\u00e4ht, ganz viel gestrickt und sp\u00e4ter mehr und mehr mit Papier gearbeitet, nachdem ich Scrapbooking f\u00fcr mich entdeckt habe. Vieles mit viel Romantik und Zucker, R\u00fcschen, R\u00f6schen, P\u00fcnktchen und liebevoll dekoriert.<\/p>\n<p><img loading=\"lazy\" decoding=\"async\" class=\"wp-image-335 aligncenter\" src=\"http:\/\/www.ketreko.de\/wp-content\/uploads\/2018\/02\/DSC_5850-rZ-klein-300x199.jpg\" alt=\"\" width=\"537\" height=\"356\" srcset=\"http:\/\/www.ketreko.de\/wp-content\/uploads\/2018\/02\/DSC_5850-rZ-klein-300x199.jpg 300w, http:\/\/www.ketreko.de\/wp-content\/uploads\/2018\/02\/DSC_5850-rZ-klein-768x509.jpg 768w, http:\/\/www.ketreko.de\/wp-content\/uploads\/2018\/02\/DSC_5850-rZ-klein-1024x679.jpg 1024w\" sizes=\"(max-width: 537px) 100vw, 537px\" \/><\/p>\n<p>Hier gelangt ihr zu diesem Blog und all seinen vielen Posts \u00fcbers N\u00e4hen, Stricken, Dekorieren, Scrapbooking und\u00a0Fotografieren.<\/p>\n<p style=\"text-align: center;\"><a href=\"http:\/\/rosige-zeit.blogspot.de\/\">ROSIGE ZEIT<\/a><\/p>\n<p>Das Ende der rosigen Zeit war das Ende meiner Zeit als nicht berufst\u00e4tige Mutter. Nachdem ich, nach einer wirklich langen Familienpause, meinen Beruf wieder aufgenommen habe, musste auch eine neue Blog-L\u00f6sung her: Weg von Blogger und hin zu WordPress. Seit dem blogge ich unter dem Namen KeTreKo. Mein Mann hat gleichzeitig auch einen Blog begonnen, in dem er \u00fcber seine technischen DIY\u00b4s schreibt.<\/p>\n<p>Leider sind beide Blogs durch eine Panne kaputt gegangen.<\/p>\n<p><strong>Demn\u00e4chst:<\/strong><\/p>\n<p>Die Daten dieses ersten KeTreKo Blog sind inzwischen aus den Tiefen des Internet geborgen worden und k\u00f6nnen demn\u00e4chst auf dieser Seite abgerufen werden. Sie m\u00fcssen noch formatiert und die Fotos m\u00fcssen noch eingef\u00fcgt werden. Dann werden die Beitr\u00e4ge ebenfalls hier verf\u00fcgbar sein.<\/p>\n","protected":false},"excerpt":{"rendered":"<p>Von 2008 bis 2013 hatte ich unter Blogger einen Blog mit dem Namen &#8222;rosige Zeit&#8220;. Ich habe damals viel und bunt gen\u00e4ht, ganz viel gestrickt und sp\u00e4ter mehr und mehr mit Papier gearbeitet, nachdem ich Scrapbooking f\u00fcr mich entdeckt habe. Vieles mit viel Romantik und Zucker, R\u00fcschen, R\u00f6schen, P\u00fcnktchen und liebevoll dekoriert. Hier gelangt ihr [&hellip;]<\/p>\n","protected":false},"author":1,"featured_media":0,"parent":0,"menu_order":5,"comment_status":"open","ping_status":"closed","template":"","meta":{"footnotes":""},"_links":{"self":[{"href":"http:\/\/www.ketreko.de\/index.php\/wp-json\/wp\/v2\/pages\/325"}],"collection":[{"href":"http:\/\/www.ketreko.de\/index.php\/wp-json\/wp\/v2\/pages"}],"about":[{"href":"http:\/\/www.ketreko.de\/index.php\/wp-json\/wp\/v2\/types\/page"}],"author":[{"embeddable":true,"href":"http:\/\/www.ketreko.de\/index.php\/wp-json\/wp\/v2\/users\/1"}],"replies":[{"embeddable":true,"href":"http:\/\/www.ketreko.de\/index.php\/wp-json\/wp\/v2\/comments?post=325"}],"version-history":[{"count":11,"href":"http:\/\/www.ketreko.de\/index.php\/wp-json\/wp\/v2\/pages\/325\/revisions"}],"predecessor-version":[{"id":957,"href":"http:\/\/www.ketreko.de\/index.php\/wp-json\/wp\/v2\/pages\/325\/revisions\/957"}],"wp:attachment":[{"href":"http:\/\/www.ketreko.de\/index.php\/wp-json\/wp\/v2\/media?parent=325"}],"curies":[{"name":"wp","href":"https:\/\/api.w.org\/{rel}","templated":true}]}}